{"id":1097,"date":"2025-05-08T06:56:56","date_gmt":"2025-05-08T06:56:56","guid":{"rendered":"https:\/\/fhestudio.es\/?page_id=1097"},"modified":"2025-06-20T10:11:36","modified_gmt":"2025-06-20T10:11:36","slug":"contacto","status":"publish","type":"page","link":"https:\/\/fhestudio.es\/index.php\/contacto\/","title":{"rendered":"Contacto"},"content":{"rendered":"<p>[vc_row el_class=\u00bbno-margin full-width special\u00bb css=\u00bb.vc_custom_1606540816082{background-color: #f5f5f5 !important;}\u00bb][vc_column width=\u00bb1\/2&#8243; css=\u00bb.vc_custom_1746604646034{padding-top: 10px !important;padding-bottom: 0px !important;}\u00bb][vc_column_text]<\/p>\n<h5>Fernando<br \/>\nHerrero<\/h5>\n<p>Decorador proyectista<\/p>\n<p><a href=\"mailto:fhfernandoherrero@gmail.com\" target=\"_blank\" rel=\"noopener\">fhfernandoherrero@gmail.com<\/a><br \/>\n<a href=\"tel:+34652031159\" target=\"_blank\" rel=\"noopener\" data-dtype=\"d3ifr\" data-local-attribute=\"d3ph\" data-ved=\"2ahUKEwjfz7rftdrwAhXFzIUKHWRYBYwQkAgoADAUegQIExAD\">652 03 11 59<\/a>[\/vc_column_text][vc_column_text css=\u00bb.vc_custom_1746604605074{padding-top: 0px !important;}\u00bb]<a href=\"https:\/\/goo.gl\/maps\/hJUAQF3vJWby9qn86\" target=\"_blank\" rel=\"noopener\">1\u00ba, Carrer l&#8217;Estaci\u00f3, 28, 46139 La Pobla de Farnals, Val\u00e8ncia<\/a>[\/vc_column_text][vc_column_text css=\u00bb.vc_custom_1746604490844{padding-top: 0px !important;}\u00bb]<\/p>\n<h5>\u00a1Cont\u00e1ctanos!<\/h5>\n<p>[\/vc_column_text]\n<div class=\"wpcf7 no-js\" id=\"wpcf7-f119-o1\" lang=\"en-US\" dir=\"ltr\" data-wpcf7-id=\"119\">\n<div class=\"screen-reader-response\"><p role=\"status\" aria-live=\"polite\" aria-atomic=\"true\"><\/p> <ul><\/ul><\/div>\n<form action=\"\/index.php\/wp-json\/wp\/v2\/pages\/1097#wpcf7-f119-o1\" method=\"post\" class=\"wpcf7-form init\" aria-label=\"Contact form\" novalidate=\"novalidate\" data-status=\"init\">\n<div style=\"display: none;\">\n<input type=\"hidden\" name=\"_wpcf7\" value=\"119\" \/>\n<input type=\"hidden\" name=\"_wpcf7_version\" value=\"6.0.1\" \/>\n<input type=\"hidden\" name=\"_wpcf7_locale\" value=\"en_US\" \/>\n<input type=\"hidden\" name=\"_wpcf7_unit_tag\" value=\"wpcf7-f119-o1\" \/>\n<input type=\"hidden\" name=\"_wpcf7_container_post\" value=\"0\" \/>\n<input type=\"hidden\" name=\"_wpcf7_posted_data_hash\" value=\"\" \/>\n<\/div>\n<p class=\"clearfix\"><span class=\"wpcf7-form-control-wrap\" data-name=\"your-name\"><input size=\"40\" maxlength=\"400\" class=\"wpcf7-form-control wpcf7-text wpcf7-validates-as-required\" autocomplete=\"off\" aria-required=\"true\" aria-invalid=\"false\" placeholder=\"*  Tu nombre completo\" value=\"\" type=\"text\" name=\"your-name\" \/><\/span>\n<\/p>\n<p class=\"clearfix\"><span class=\"wpcf7-form-control-wrap\" data-name=\"your-email\"><input size=\"40\" maxlength=\"400\" class=\"wpcf7-form-control wpcf7-email wpcf7-validates-as-required wpcf7-text wpcf7-validates-as-email\" autocomplete=\"off\" aria-required=\"true\" aria-invalid=\"false\" placeholder=\"*  Tu correo electr\u00f3nico\" value=\"\" type=\"email\" name=\"your-email\" \/><\/span>\n<\/p>\n<p class=\"clearfix\"><span class=\"wpcf7-form-control-wrap\" data-name=\"phone-number\"><input size=\"40\" maxlength=\"400\" class=\"wpcf7-form-control wpcf7-tel wpcf7-text wpcf7-validates-as-tel\" autocomplete=\"off\" aria-invalid=\"false\" placeholder=\"*  Tu n\u00famero de tel\u00e9fono\" value=\"\" type=\"tel\" name=\"phone-number\" \/><\/span>\n<\/p>\n<p class=\"clearfix\"><br \/>\n<span class=\"wpcf7-form-control-wrap\" data-name=\"your-message\"><textarea cols=\"40\" rows=\"6\" maxlength=\"2000\" class=\"wpcf7-form-control wpcf7-textarea wpcf7-validates-as-required\" aria-required=\"true\" aria-invalid=\"false\" placeholder=\"*  Tu mensaje\" name=\"your-message\"><\/textarea><\/span>\n<\/p>\n<p><span class=\"wpcf7-form-control-wrap\" data-name=\"consent\"><span class=\"wpcf7-form-control wpcf7-acceptance\"><span class=\"wpcf7-list-item\"><label><input type=\"checkbox\" name=\"consent\" value=\"1\" aria-invalid=\"false\" \/><span class=\"wpcf7-list-item-label\"><span>Entiendo que la informaci\u00f3n que proporcione en este formulario se utilizar\u00e1 y almacenar\u00e1 para contactarme sobre los servicios solicitados. Doy mi consentimiento para el uso de mis datos de esta manera.<\/span><\/span><\/label><\/span><\/span><\/span>\n<\/p>\n<p><input class=\"wpcf7-form-control wpcf7-submit has-spinner\" type=\"submit\" value=\"Enviar\" \/>\n<\/p>\n<p class=\"grecaptcha\">Este sitio est\u00e1 protegido por reCAPTCHA, la <a href=\"https:\/\/policies.google.com\/privacy\" target=\"_blank\">Pol\u00edtica de privacidad<\/a> y los <a href=\"https:\/\/policies.google.com\/terms\" target=\"_blank\">T\u00e9rminos de Servicio<\/a> de Google.\n<\/p><div class=\"wpcf7-response-output\" aria-hidden=\"true\"><\/div>\n<\/form>\n<\/div>\n[\/vc_column][vc_column width=\u00bb1\/2&#8243; css=\u00bb.vc_custom_1746604248170{padding-right: 50px !important;}\u00bb]<div  class=\"mt-gallery-container-wrapper lazyload-enabled color-palette-enabled layout-justified  margin-0px  mt-animate_when_almost_visible-disabled fadeinup animation-for-every-item-in-viewport-disabled  hover-scale-effect-none click-scale-effect-none hover-opacity-effect-disabled click-opacity-effect-disabled waves-click-effect-disabled clearfix\"        ><div class=\"mt-gallery-container clearfix\" ><span class=\"grid-sizer\"><\/span><span class=\"gutter-sizer\"><\/span><div class=\"mt-gallery-item isotope-item\" style=\"--w: 980; --row-width: 20vw; --h: 1080;\"><div class=\"mt-gallery-item-helper\" style=\"max-width: 980px;\"><div class=\"content-wrapper-helper\"><div class=\"content-wrapper\" style=\"max-width: 980px;\"><div class=\"thumbnail-wrapper-1\"><div class=\"thumbnail-wrapper-2\"><div class=\"thumbnail-wrapper-helper\"><div class=\"thumbnail-wrapper lazy\" style=\"--aspect-ratio: 0.90740740740741;\"><img fetchpriority=\"high\" decoding=\"async\" width=\"980\" height=\"1080\" class=\"attachment attachment-full\" alt=\"\" data-srcset=\"https:\/\/fhestudio.es\/wp-content\/uploads\/2025\/05\/fh-contacto.jpg\" src=\"data:image\/gif;base64,R0lGODlhAQABAIAAAAAAAP\/\/\/yH5BAEAAAAALAAAAAABAAEAAAIBRAA7\"><div class=\"loader\"><svg class=\"circular\" viewBox=\"25 25 50 50\"><circle class=\"path\" cx=\"50\" cy=\"50\" r=\"20\" fill=\"none\" stroke-width=\"6\" stroke-miterlimit=\"10\"\/><\/svg><\/div><img decoding=\"async\" width=\"50\" height=\"50\" data-src=\"https:\/\/fhestudio.es\/wp-content\/uploads\/2025\/05\/fh-contacto-50x50.jpg\" alt=\"\" src=\"data:image\/gif;base64,R0lGODlhAQABAIAAAAAAAP\/\/\/yH5BAEAAAAALAAAAAABAAEAAAIBRAA7\" class=\"color-thief\" crossorigin=\"anonymous\"><\/div><\/div><\/div><\/div><\/div><\/div><\/div><\/div><\/div><!-- .mt-gallery-container --><\/div><!-- .mt-gallery-container-wrapper -->[\/vc_column][\/vc_row]<\/p>\n","protected":false},"excerpt":{"rendered":"<p>[vc_row el_class=\u00bbno-margin full-width special\u00bb css=\u00bb.vc_custom_1606540816082{background-color: #f5f5f5 !important;}\u00bb][vc_column width=\u00bb1\/2&#8243; css=\u00bb.vc_custom_1746604646034{padding-top: 10px !important;padding-bottom: 0px !important;}\u00bb][vc_column_text] Fernando Herrero Decorador proyectista fhfernandoherrero@gmail.com 652 03 11 59[\/vc_column_text][vc_column_text css=\u00bb.vc_custom_1746604605074{padding-top: 0px !important;}\u00bb]1\u00ba, Carrer l&#8217;Estaci\u00f3, 28, 46139 La Pobla de Farnals, Val\u00e8ncia[\/vc_column_text][vc_column_text css=\u00bb.vc_custom_1746604490844{padding-top: 0px !important;}\u00bb] \u00a1Cont\u00e1ctanos! [\/vc_column_text][\/vc_column][vc_column width=\u00bb1\/2&#8243; css=\u00bb.vc_custom_1746604248170{padding-right: 50px !important;}\u00bb][\/vc_column][\/vc_row]<\/p>\n","protected":false},"author":1,"featured_media":0,"parent":0,"menu_order":17,"comment_status":"closed","ping_status":"closed","template":"blank-page.php","meta":{"inline_featured_image":false,"footnotes":""},"class_list":["post-1097","page","type-page","status-publish","hentry"],"aioseo_notices":[],"_links":{"self":[{"href":"https:\/\/fhestudio.es\/index.php\/wp-json\/wp\/v2\/pages\/1097","targetHints":{"allow":["GET"]}}],"collection":[{"href":"https:\/\/fhestudio.es\/index.php\/wp-json\/wp\/v2\/pages"}],"about":[{"href":"https:\/\/fhestudio.es\/index.php\/wp-json\/wp\/v2\/types\/page"}],"author":[{"embeddable":true,"href":"https:\/\/fhestudio.es\/index.php\/wp-json\/wp\/v2\/users\/1"}],"replies":[{"embeddable":true,"href":"https:\/\/fhestudio.es\/index.php\/wp-json\/wp\/v2\/comments?post=1097"}],"version-history":[{"count":15,"href":"https:\/\/fhestudio.es\/index.php\/wp-json\/wp\/v2\/pages\/1097\/revisions"}],"predecessor-version":[{"id":1133,"href":"https:\/\/fhestudio.es\/index.php\/wp-json\/wp\/v2\/pages\/1097\/revisions\/1133"}],"wp:attachment":[{"href":"https:\/\/fhestudio.es\/index.php\/wp-json\/wp\/v2\/media?parent=1097"}],"curies":[{"name":"wp","href":"https:\/\/api.w.org\/{rel}","templated":true}]}}