{"id":251,"date":"2020-09-24T00:58:32","date_gmt":"2020-09-24T00:58:41","guid":{"rendered":"https:\/\/demo.megathe.me\/test2\/vernon\/?page_id=10"},"modified":"2025-06-20T10:14:26","modified_gmt":"2025-06-20T10:14:26","slug":"estudio01","status":"publish","type":"page","link":"https:\/\/fhestudio.es\/index.php\/estudio01\/","title":{"rendered":"Estudio"},"content":{"rendered":"<p>[vc_row full_width=\u00bbstretch_row\u00bb el_class=\u00bbno-margin full-width special\u00bb css=\u00bb.vc_custom_1621849708150{background-color: #f5f5f5 !important;}\u00bb][vc_column width=\u00bb1\/2&#8243; css=\u00bb.vc_custom_1621848619083{padding-top: 50px !important;padding-bottom: 50px !important;}\u00bb][vc_column_text]<strong>FERNANDO HERRERO<\/strong><br \/>\nDecorador proyectista graduado en artes aplicadas y oficios art\u00edsticos en Valencia. Fundador de\u00a0<a href=\"https:\/\/fhestudio.es\/\" target=\"_blank\" rel=\"noopener\">FHestudio<\/a>\u00a0en 2008, es resolutivo y equilibrado, trabaja como interiorista m\u00e1s de 30 a\u00f1os, aportando un extra de\u00a0<strong>experiencia<\/strong>\u00a0en cada proyecto.<\/p>\n<p>\u00bfNo has deseado alguna vez tener un hogar hecho a tu medida o dar un cambio de imagen a tu empresa que refleje la personalidad de la misma?<\/p>\n<p>\u00bfEn alguna ocasi\u00f3n has tomado la decisi\u00f3n de hacer obras, pero te ha frenado el miedo a llevarlas a cabo por desconocer el sector?<\/p>\n<p>\u00a1Todo es posible!<\/p>\n<p>Mi nombre es Fernando y me dedico desde hace m\u00e1s de 30 a\u00f1os al interiorismo en Valencia, y te voy a acompa\u00f1ar en este camino que has decidido recorrer para llegar a tener la casa\/oficina de tus sue\u00f1os. \u00a1Sea cual sea tu proyecto de interiorismo, trabajo con una propuesta \u00fanica, de dise\u00f1o sensato!<\/p>\n<p>Dise\u00f1o atemporal, limpio, racional, funcional y personalizado\u2026 as\u00ed es la propuesta de dise\u00f1o e interiorismo que realizo a mis clientes. Nuestro estudio de arquitectura e interiorismo en Valencia te ayudar\u00e1 en ese proyecto tan ilusionante, el que te aportar\u00e1 confianza y te llevar\u00e1 a afirmar \u201cqu\u00e9 a gusto estoy en mi casa\u201d. Asimismo, te acompa\u00f1ar\u00e9 de principio a fin para que disfrutes del proceso completo, ajust\u00e1ndome a tus necesidades y presupuesto.<\/p>\n<p><strong>CONF\u00cdA Y DISFRUTA DE TU NUEVO HOGAR<\/strong>[\/vc_column_text][\/vc_column][vc_column width=\u00bb1\/2&#8243;]<div  class=\"mt-slick-slider-container-wrapper no-margin\"><div class=\"mt-slick-slider-container slick-slider nav-false nav-style-1 onclick-true slide-by-by_page margin-30 fade-true mt-fadeIn no-animation lazyload-enabled\" data-fade=\"true\" data-autoplay=\"true\" data-autoplayspeed=\"5000\" data-pauseonfocus=\"true\" data-pauseonhover=\"false\" data-speed=\"500\" data-infinite=\"true\" data-items=\"1\" data-items-on-small-screens=\"1\" data-nav=\"false\" data-onclick=\"true\" data-dots=\"false\" data-slide-number-status=\"false\" data-margin=\"30\"><div class=\"mt-slider-item\"><div class=\"thumbnail-helper\"><div class=\"thumbnail-wrapper lazy-slide\" style=\"--aspect-ratio: 1;\"><img fetchpriority=\"high\" width=\"800\" height=\"800\" class=\"attachment attachment-full\" alt=\"\" data-lazy=\"https:\/\/fhestudio.es\/wp-content\/uploads\/2021\/05\/1606296919492.jpg\"><div class=\"loader-lg\"><svg class=\"circular\" viewBox=\"25 25 50 50\"><circle class=\"path\" cx=\"50\" cy=\"50\" r=\"20\" fill=\"none\" stroke-width=\"6\" stroke-miterlimit=\"10\"\/><\/svg><\/div><\/div><\/div><\/div><div class=\"mt-slider-item\"><div class=\"thumbnail-helper\"><div class=\"thumbnail-wrapper lazy-slide\" style=\"--aspect-ratio: 0.90740740740741;\"><img width=\"980\" height=\"1080\" class=\"attachment attachment-full\" alt=\"\" data-lazy=\"https:\/\/fhestudio.es\/wp-content\/uploads\/2025\/05\/fh-estudio-05.jpg\"><div class=\"loader-lg\"><svg class=\"circular\" viewBox=\"25 25 50 50\"><circle class=\"path\" cx=\"50\" cy=\"50\" r=\"20\" fill=\"none\" stroke-width=\"6\" stroke-miterlimit=\"10\"\/><\/svg><\/div><\/div><\/div><\/div><div class=\"mt-slider-item\"><div class=\"thumbnail-helper\"><div class=\"thumbnail-wrapper lazy-slide\" style=\"--aspect-ratio: 1;\"><img width=\"640\" height=\"640\" class=\"attachment attachment-full\" alt=\"\" data-lazy=\"https:\/\/fhestudio.es\/wp-content\/uploads\/2021\/05\/81954934_1358782464308244_2464201957266293322_n.jpg\"><div class=\"loader-lg\"><svg class=\"circular\" viewBox=\"25 25 50 50\"><circle class=\"path\" cx=\"50\" cy=\"50\" r=\"20\" fill=\"none\" stroke-width=\"6\" stroke-miterlimit=\"10\"\/><\/svg><\/div><\/div><\/div><\/div><div class=\"mt-slider-item\"><div class=\"thumbnail-helper\"><div class=\"thumbnail-wrapper lazy-slide\" style=\"--aspect-ratio: 0.90740740740741;\"><img loading=\"lazy\" width=\"980\" height=\"1080\" class=\"attachment attachment-full\" alt=\"\" data-lazy=\"https:\/\/fhestudio.es\/wp-content\/uploads\/2025\/05\/fh-estudio-03.jpg\"><div class=\"loader-lg\"><svg class=\"circular\" viewBox=\"25 25 50 50\"><circle class=\"path\" cx=\"50\" cy=\"50\" r=\"20\" fill=\"none\" stroke-width=\"6\" stroke-miterlimit=\"10\"\/><\/svg><\/div><\/div><\/div><\/div><\/div><\/div>[\/vc_column][\/vc_row]<\/p>\n","protected":false},"excerpt":{"rendered":"<p>[vc_row full_width=\u00bbstretch_row\u00bb el_class=\u00bbno-margin full-width special\u00bb css=\u00bb.vc_custom_1621849708150{background-color: #f5f5f5 !important;}\u00bb][vc_column width=\u00bb1\/2&#8243; css=\u00bb.vc_custom_1621848619083{padding-top: 50px !important;padding-bottom: 50px !important;}\u00bb][vc_column_text]FERNANDO HERRERO Decorador proyectista graduado en artes aplicadas y oficios art\u00edsticos en Valencia. Fundador de\u00a0FHestudio\u00a0en 2008, es resolutivo y equilibrado, trabaja como interiorista m\u00e1s de 30 a\u00f1os, aportando un extra de\u00a0experiencia\u00a0en cada proyecto. \u00bfNo has deseado alguna vez tener un hogar hecho &hellip;<\/p>\n","protected":false},"author":1,"featured_media":0,"parent":0,"menu_order":14,"comment_status":"closed","ping_status":"closed","template":"blank-page.php","meta":{"inline_featured_image":false,"footnotes":""},"class_list":["post-251","page","type-page","status-publish","hentry"],"aioseo_notices":[],"_links":{"self":[{"href":"https:\/\/fhestudio.es\/index.php\/wp-json\/wp\/v2\/pages\/251","targetHints":{"allow":["GET"]}}],"collection":[{"href":"https:\/\/fhestudio.es\/index.php\/wp-json\/wp\/v2\/pages"}],"about":[{"href":"https:\/\/fhestudio.es\/index.php\/wp-json\/wp\/v2\/types\/page"}],"author":[{"embeddable":true,"href":"https:\/\/fhestudio.es\/index.php\/wp-json\/wp\/v2\/users\/1"}],"replies":[{"embeddable":true,"href":"https:\/\/fhestudio.es\/index.php\/wp-json\/wp\/v2\/comments?post=251"}],"version-history":[{"count":30,"href":"https:\/\/fhestudio.es\/index.php\/wp-json\/wp\/v2\/pages\/251\/revisions"}],"predecessor-version":[{"id":1136,"href":"https:\/\/fhestudio.es\/index.php\/wp-json\/wp\/v2\/pages\/251\/revisions\/1136"}],"wp:attachment":[{"href":"https:\/\/fhestudio.es\/index.php\/wp-json\/wp\/v2\/media?parent=251"}],"curies":[{"name":"wp","href":"https:\/\/api.w.org\/{rel}","templated":true}]}}