{"id":570,"date":"2022-04-28T04:53:28","date_gmt":"2022-04-28T04:53:28","guid":{"rendered":"https:\/\/fhestudio.es\/?page_id=570"},"modified":"2022-04-28T05:21:41","modified_gmt":"2022-04-28T05:21:41","slug":"politica-de-cookies","status":"publish","type":"page","link":"https:\/\/fhestudio.es\/index.php\/politica-de-cookies\/","title":{"rendered":"POL\u00cdTICA DE COOKIES"},"content":{"rendered":"<p>Conforme a lo dispuesto en el art\u00edculo 22.2 de la Ley 34\/2002, de 11 de julio, de Servicios de la Sociedad de la Informaci\u00f3n y de Comercio Electr\u00f3nico (LSSI-CE) vigente, FERNANDO HERRERO LLISO debe cumplir con la obligaci\u00f3n de informar sobre las cookies que utiliza y sus finalidades.<\/p>\n<p>Este sitio web utiliza cookies y\/o tecnolog\u00edas similares que almacenan y recuperan informaci\u00f3n cuando navegas. Las cookies permiten a una p\u00e1gina web, entre otras cosas, almacenar y recuperar informaci\u00f3n sobre los h\u00e1bitos de navegaci\u00f3n de un Usuario o de su equipo y, dependiendo de la informaci\u00f3n que contenga y de la forma en que utilice su equipo, pueden utilizarse para reconocer al Usuario.<\/p>\n<p>Las cookies son esenciales para el funcionamiento de internet, aportando innumerables ventajas en la prestaci\u00f3n de servicios interactivos, facilit\u00e1ndole al Usuario la navegaci\u00f3n y usabilidad de nuestra web.<\/p>\n<p>El usuario puede modificar la configuraci\u00f3n personalizada <u>AQUI<\/u><\/p>\n<p>La informaci\u00f3n que le proporcionamos a continuaci\u00f3n, le ayudar\u00e1 a comprender los diferentes tipos de cookies:<\/p>\n<table width=\"597\">\n<tbody>\n<tr>\n<td colspan=\"3\" width=\"597\"><strong>TIPOS DE COOKIES<\/strong><\/td>\n<\/tr>\n<tr>\n<td rowspan=\"2\" width=\"162\"><strong>SEG\u00daN LA ENTIDAD QUE LAS GESTIONE <\/strong><\/td>\n<td width=\"180\">COOKIES PROPIAS<\/td>\n<td width=\"255\">Son aquellas que se env\u00edan al equipo terminal del usuario desde un equipo o dominio gestionado por el propio editor y desde el que se presta el servicio solicitado por el usuario<\/td>\n<\/tr>\n<tr>\n<td width=\"180\">COOKIES DE TERCERO<\/td>\n<td width=\"255\">Son aquellas que se env\u00edan al equipo terminal del usuario desde un equipo o dominio que no es gestionado por el editor, sino por otra entidad que trata los datos obtenidos a trav\u00e9s de las cookies.<\/td>\n<\/tr>\n<tr>\n<td rowspan=\"2\" width=\"162\"><strong>SEG\u00daN EL PLAZO DE <\/strong><\/p>\n<p><strong>TIEMPO QUE <\/strong><\/p>\n<p><strong>PERMANEZCAN ACTIVADAS <\/strong><\/td>\n<td width=\"180\">COOKIES DE SESI\u00d3N<\/td>\n<td width=\"255\">Son aquellas dise\u00f1adas para recabar y almacenar datos mientras el usuario accede a una p\u00e1gina web. Se suelen emplear para almacenar informaci\u00f3n que solo interesa conservar para la prestaci\u00f3n del servicio solicitado por el usuario en una sola ocasi\u00f3n (por ejemplo, una lista de productos adquiridos) y desaparecen al terminar la sesi\u00f3n<\/td>\n<\/tr>\n<tr>\n<td width=\"180\">COOKIES PERSISTENTES<\/td>\n<td width=\"255\">Son aquellas en las que los datos siguen almacenados en el terminal y pueden ser accedidos y tratados durante un periodo definido por el responsable de la cookie, y que puede ir de unos minutos a varios a\u00f1os.<\/td>\n<\/tr>\n<tr>\n<td rowspan=\"3\" width=\"162\"><strong>SEG\u00daN SU FINALIDAD <\/strong><\/td>\n<td width=\"180\">COOKIES T\u00c9CNICAS<\/td>\n<td width=\"255\">Son aquellas que permiten\u00a0 al usuario la navegaci\u00f3n a trav\u00e9s de una p\u00e1gina web, plataforma o aplicaci\u00f3n y la utilizaci\u00f3n de las diferentes opciones o servicios que en ella existan<\/td>\n<\/tr>\n<tr>\n<td width=\"180\">COOKIES DE PERSONALIZACI\u00d3N<\/td>\n<td width=\"255\">Permiten aplicar caracter\u00edsticas propias para la navegaci\u00f3n del usuario por el website (Ej. idioma).<\/td>\n<\/tr>\n<tr>\n<td width=\"180\">COOKIES DE AN\u00c1LISIS<\/td>\n<td width=\"255\">Son aquellas que permiten al responsable de las mismas el seguimiento y an\u00e1lisis del comportamiento de los usuarios de los sitios web a los que est\u00e1n vinculadas, incluida la<\/td>\n<\/tr>\n<tr>\n<td rowspan=\"3\" width=\"162\"><\/td>\n<td width=\"180\"><\/td>\n<td width=\"255\">cuantificaci\u00f3n de los impactos de los anuncios. La informaci\u00f3n recogida mediante este tipo de cookies se utiliza en la medici\u00f3n de la actividad de los sitios web, aplicaci\u00f3n o plataforma, con el fin de introducir mejoras en funci\u00f3n del an\u00e1lisis de los datos de uso que hacen los usuarios del servicio.<\/td>\n<\/tr>\n<tr>\n<td width=\"180\">COOKIES PUBLICITARIAS<\/td>\n<td width=\"255\">Permiten al editor incluir en la p\u00e1gina web espacios publicitarios, seg\u00fan el contenido de la propia web.<\/td>\n<\/tr>\n<tr>\n<td width=\"180\">COOKIES DE PUBLICIDAD COMPORTAMENTAL<\/td>\n<td width=\"255\">Son aquellas que almacenan informaci\u00f3n del comportamiento de los usuarios obtenida a trav\u00e9s de la observaci\u00f3n continuada de sus h\u00e1bitos de navegaci\u00f3n, lo que permite desarrollar un perfil espec\u00edfico para mostrar publicidad en funci\u00f3n del mismo.<\/td>\n<\/tr>\n<\/tbody>\n<\/table>\n<p>&nbsp;<\/p>\n<p>Adicionalmente, FERNANDO HERRERO LLISO informa de manera m\u00e1s detallada de las cookies que utiliza sus titulares,\u00a0 el uso o finalidad concreta, los plazos de conservaci\u00f3n as\u00ed como de las Transferencias Internacionales de datos de cada una de ellas utilizadas en nuestra p\u00e1gina web:<\/p>\n<table width=\"586\">\n<tbody>\n<tr>\n<td width=\"104\"><\/td>\n<td width=\"66\"><\/td>\n<td colspan=\"2\" width=\"265\"><strong>COOKIES PROPIAS<\/strong><\/td>\n<td width=\"113\"><\/td>\n<td width=\"38\"><\/td>\n<\/tr>\n<tr>\n<td width=\"104\"><\/td>\n<td width=\"66\"><strong>TITULAR <\/strong><\/td>\n<td width=\"76\"><strong>COOKIE <\/strong><\/td>\n<td width=\"189\"><strong>FINALIDAD <\/strong><\/td>\n<td width=\"113\"><strong>CONSERVACI\u00d3N <\/strong><\/td>\n<td width=\"38\"><strong>TI <\/strong><\/td>\n<\/tr>\n<tr>\n<td rowspan=\"3\" width=\"104\">T\u00e9cnicas<\/td>\n<td width=\"66\"><\/td>\n<td width=\"76\"><\/td>\n<td width=\"189\"><\/td>\n<td width=\"113\"><\/td>\n<td width=\"38\"><\/td>\n<\/tr>\n<tr>\n<td width=\"66\"><\/td>\n<td width=\"76\"><\/td>\n<td width=\"189\"><\/td>\n<td width=\"113\"><\/td>\n<td width=\"38\"><\/td>\n<\/tr>\n<tr>\n<td width=\"66\"><\/td>\n<td width=\"76\"><\/td>\n<td width=\"189\"><\/td>\n<td width=\"113\"><\/td>\n<td width=\"38\"><\/td>\n<\/tr>\n<tr>\n<td rowspan=\"3\" width=\"104\">Personalizaci\u00f3n<\/td>\n<td width=\"66\"><\/td>\n<td width=\"76\"><\/td>\n<td width=\"189\"><\/td>\n<td width=\"113\"><\/td>\n<td width=\"38\"><\/td>\n<\/tr>\n<tr>\n<td width=\"66\"><\/td>\n<td width=\"76\"><\/td>\n<td width=\"189\"><\/td>\n<td width=\"113\"><\/td>\n<td width=\"38\"><\/td>\n<\/tr>\n<tr>\n<td width=\"66\"><\/td>\n<td width=\"76\"><\/td>\n<td width=\"189\"><\/td>\n<td width=\"113\"><\/td>\n<td width=\"38\"><\/td>\n<\/tr>\n<tr>\n<td rowspan=\"3\" width=\"104\">An\u00e1lisis<\/td>\n<td width=\"66\"><\/td>\n<td width=\"76\"><\/td>\n<td width=\"189\"><\/td>\n<td width=\"113\"><\/td>\n<td width=\"38\"><\/td>\n<\/tr>\n<tr>\n<td width=\"66\"><\/td>\n<td width=\"76\"><\/td>\n<td width=\"189\"><\/td>\n<td width=\"113\"><\/td>\n<td width=\"38\"><\/td>\n<\/tr>\n<tr>\n<td width=\"66\"><\/td>\n<td width=\"76\"><\/td>\n<td width=\"189\"><\/td>\n<td width=\"113\"><\/td>\n<td width=\"38\"><\/td>\n<\/tr>\n<tr>\n<td rowspan=\"3\" width=\"104\">Publicidad\/<\/p>\n<p>Publicidad comportamental<\/td>\n<td width=\"66\"><\/td>\n<td width=\"76\"><\/td>\n<td width=\"189\"><\/td>\n<td width=\"113\"><\/td>\n<td width=\"38\"><\/td>\n<\/tr>\n<tr>\n<td width=\"66\"><\/td>\n<td width=\"76\"><\/td>\n<td width=\"189\"><\/td>\n<td width=\"113\"><\/td>\n<td width=\"38\"><\/td>\n<\/tr>\n<tr>\n<td width=\"66\"><\/td>\n<td width=\"76\"><\/td>\n<td width=\"189\"><\/td>\n<td width=\"113\"><\/td>\n<td width=\"38\"><\/td>\n<\/tr>\n<\/tbody>\n<\/table>\n<p>&nbsp;<\/p>\n<table width=\"586\">\n<tbody>\n<tr>\n<td width=\"104\"><\/td>\n<td width=\"66\"><\/td>\n<td colspan=\"2\" width=\"265\"><strong>COOKIES DE TERCEROS<\/strong><\/td>\n<td width=\"113\"><\/td>\n<td width=\"38\"><\/td>\n<\/tr>\n<tr>\n<td width=\"104\"><\/td>\n<td width=\"66\"><strong>TITULAR <\/strong><\/td>\n<td width=\"76\"><strong>COOKIE <\/strong><\/td>\n<td width=\"189\"><strong>FINALIDAD <\/strong><\/td>\n<td width=\"113\"><strong>CONSERVACI\u00d3N <\/strong><\/td>\n<td width=\"38\"><strong>TI <\/strong><\/td>\n<\/tr>\n<tr>\n<td rowspan=\"3\" width=\"104\">T\u00e9cnicas<\/td>\n<td width=\"66\"><\/td>\n<td width=\"76\"><\/td>\n<td width=\"189\"><\/td>\n<td width=\"113\"><\/td>\n<td width=\"38\"><\/td>\n<\/tr>\n<tr>\n<td width=\"66\"><\/td>\n<td width=\"76\"><\/td>\n<td width=\"189\"><\/td>\n<td width=\"113\"><\/td>\n<td width=\"38\"><\/td>\n<\/tr>\n<tr>\n<td width=\"66\"><\/td>\n<td width=\"76\"><\/td>\n<td width=\"189\"><\/td>\n<td width=\"113\"><\/td>\n<td width=\"38\"><\/td>\n<\/tr>\n<tr>\n<td rowspan=\"3\" width=\"104\">Personalizaci\u00f3n<\/td>\n<td width=\"66\"><\/td>\n<td width=\"76\"><\/td>\n<td width=\"189\"><\/td>\n<td width=\"113\"><\/td>\n<td width=\"38\"><\/td>\n<\/tr>\n<tr>\n<td width=\"66\"><\/td>\n<td width=\"76\"><\/td>\n<td width=\"189\"><\/td>\n<td width=\"113\"><\/td>\n<td width=\"38\"><\/td>\n<\/tr>\n<tr>\n<td width=\"66\"><\/td>\n<td width=\"76\"><\/td>\n<td width=\"189\"><\/td>\n<td width=\"113\"><\/td>\n<td width=\"38\"><\/td>\n<\/tr>\n<tr>\n<td rowspan=\"3\" width=\"104\">An\u00e1lisis<\/td>\n<td width=\"66\"><\/td>\n<td width=\"76\"><\/td>\n<td width=\"189\"><\/td>\n<td width=\"113\"><\/td>\n<td width=\"38\"><\/td>\n<\/tr>\n<tr>\n<td width=\"66\"><\/td>\n<td width=\"76\"><\/td>\n<td width=\"189\"><\/td>\n<td width=\"113\"><\/td>\n<td width=\"38\"><\/td>\n<\/tr>\n<tr>\n<td width=\"66\"><\/td>\n<td width=\"76\"><\/td>\n<td width=\"189\"><\/td>\n<td width=\"113\"><\/td>\n<td width=\"38\"><\/td>\n<\/tr>\n<tr>\n<td rowspan=\"3\" width=\"104\">Publicidad\/<\/p>\n<p>Publicidad comportamental<\/td>\n<td width=\"66\"><\/td>\n<td width=\"76\"><\/td>\n<td width=\"189\"><\/td>\n<td width=\"113\"><\/td>\n<td width=\"38\"><\/td>\n<\/tr>\n<tr>\n<td width=\"66\"><\/td>\n<td width=\"76\"><\/td>\n<td width=\"189\"><\/td>\n<td width=\"113\"><\/td>\n<td width=\"38\"><\/td>\n<\/tr>\n<tr>\n<td width=\"66\"><\/td>\n<td width=\"76\"><\/td>\n<td width=\"189\"><\/td>\n<td width=\"113\"><\/td>\n<td width=\"38\"><\/td>\n<\/tr>\n<\/tbody>\n<\/table>\n<p>&nbsp;<\/p>\n<p><em>** Puede\u00a0 informarse de las transferencias internacionales a terceros pa\u00edses que, en su caso, realizan los <strong>TERCEROS<\/strong> identificados en esta pol\u00edtica de cookies en sus correspondientes pol\u00edticas (hacer click encima del titular de la cookie) ** <\/em><\/p>\n<p><em>\u00a0<\/em><\/p>\n<p>Empresa informa de manera m\u00e1s exhaustiva la informaci\u00f3n relativa a las transferencias internacionales derivadas de la utilizaci\u00f3n de cookies propias:<\/p>\n<table width=\"498\">\n<tbody>\n<tr>\n<td width=\"136\"><strong>TITULAR <\/strong><\/td>\n<td width=\"85\"><strong>COOKIE <\/strong><\/td>\n<td width=\"145\"><strong>PA\u00cdS DE LA TRANSFERENCIA <\/strong><\/td>\n<td width=\"132\"><strong>R\u00c9GIMEN APLICADO <\/strong><\/td>\n<\/tr>\n<tr>\n<td width=\"136\"><\/td>\n<td width=\"85\"><strong>\u00a0<\/strong><\/td>\n<td width=\"145\"><strong>\u00a0<\/strong><\/td>\n<td width=\"132\"><\/td>\n<\/tr>\n<tr>\n<td width=\"136\"><strong>\u00a0<\/strong><\/td>\n<td width=\"85\"><strong>\u00a0<\/strong><\/td>\n<td width=\"145\"><strong>\u00a0<\/strong><\/td>\n<td width=\"132\"><strong>\u00a0<\/strong><\/td>\n<\/tr>\n<tr>\n<td width=\"136\"><strong>\u00a0<\/strong><\/td>\n<td width=\"85\"><strong>\u00a0<\/strong><\/td>\n<td width=\"145\"><strong>\u00a0<\/strong><\/td>\n<td width=\"132\"><strong>\u00a0<\/strong><\/td>\n<\/tr>\n<tr>\n<td width=\"136\"><strong>\u00a0<\/strong><\/td>\n<td width=\"85\"><strong>\u00a0<\/strong><\/td>\n<td width=\"145\"><strong>\u00a0<\/strong><\/td>\n<td width=\"132\"><strong>\u00a0<\/strong><\/td>\n<\/tr>\n<\/tbody>\n<\/table>\n<p>&nbsp;<\/p>\n<p>T\u00e9ngase en cuenta que, si acepta las cookies de terceros, deber\u00e1 eliminarlas desde las opciones del navegador o desde el sistema ofrecido por el propio tercero.<\/p>\n<p>A continuaci\u00f3n le proporcionamos los enlaces de diversos navegadores, a trav\u00e9s de los cuales podr\u00e1 modificar la configuraci\u00f3n de su navegador sobre el uso de cookies:<\/p>\n<ul>\n<li><strong><em>Firefox desde aqu\u00ed:<\/em><\/strong> <a href=\"http:\/\/support.mozilla.org\/es\/kb\/habilitar-y-deshabilitar-cookies-que-los-sitios-we\"><em>http:\/\/support.mozilla.org\/es\/kb\/habilitar<\/em><\/a><a href=\"http:\/\/support.mozilla.org\/es\/kb\/habilitar-y-deshabilitar-cookies-que-los-sitios-we\"><em>&#8211;<\/em><\/a><a href=\"http:\/\/support.mozilla.org\/es\/kb\/habilitar-y-deshabilitar-cookies-que-los-sitios-we\"><em>y<\/em><\/a><a href=\"http:\/\/support.mozilla.org\/es\/kb\/habilitar-y-deshabilitar-cookies-que-los-sitios-we\"><em>&#8211;<\/em><\/a><a href=\"http:\/\/support.mozilla.org\/es\/kb\/habilitar-y-deshabilitar-cookies-que-los-sitios-we\"><em>deshabilitar<\/em><\/a><a href=\"http:\/\/support.mozilla.org\/es\/kb\/habilitar-y-deshabilitar-cookies-que-los-sitios-we\"><em>&#8211;<\/em><\/a><a href=\"http:\/\/support.mozilla.org\/es\/kb\/habilitar-y-deshabilitar-cookies-que-los-sitios-we\"><em>cookies<\/em><\/a><a href=\"http:\/\/support.mozilla.org\/es\/kb\/habilitar-y-deshabilitar-cookies-que-los-sitios-we\"><em>&#8211;<\/em><\/a><a href=\"http:\/\/support.mozilla.org\/es\/kb\/habilitar-y-deshabilitar-cookies-que-los-sitios-we\"><em>que<\/em><\/a><a href=\"http:\/\/support.mozilla.org\/es\/kb\/habilitar-y-deshabilitar-cookies-que-los-sitios-we\"><em>&#8211;<\/em><\/a><a href=\"http:\/\/support.mozilla.org\/es\/kb\/habilitar-y-deshabilitar-cookies-que-los-sitios-we\"><em>los<\/em><\/a><a href=\"http:\/\/support.mozilla.org\/es\/kb\/habilitar-y-deshabilitar-cookies-que-los-sitios-we\"><em>&#8211;<\/em><\/a><a href=\"http:\/\/support.mozilla.org\/es\/kb\/habilitar-y-deshabilitar-cookies-que-los-sitios-we\"><em>sitios<\/em><\/a><a href=\"http:\/\/support.mozilla.org\/es\/kb\/habilitar-y-deshabilitar-cookies-que-los-sitios-we\"><em>&#8211;<\/em><\/a><a href=\"http:\/\/support.mozilla.org\/es\/kb\/habilitar-y-deshabilitar-cookies-que-los-sitios-we\"><em>we<\/em><\/a><\/li>\n<li><strong><em>Chrome desde aqu\u00ed:<\/em><\/strong> <a href=\"http:\/\/support.google.com\/chrome\/bin\/answer.py?hl=es&amp;answer=95647\"><em>http:\/\/support.google.com\/chrome\/bin\/answer.py?hl=es&amp;answer=95647<\/em><\/a><\/li>\n<li><strong><em>Explorer desde \u00a0\u00a0 aqu\u00ed:<\/em><\/strong><em> \u00a0\u00a0\u00a0\u00a0 <\/em><a href=\"http:\/\/windows.microsoft.com\/es-es\/internet-explorer\/delete-manage-cookies#ie=ie-10\"><em>http:\/\/windows.microsoft.com\/es<\/em><\/a><a href=\"http:\/\/windows.microsoft.com\/es-es\/internet-explorer\/delete-manage-cookies#ie=ie-10\"><em>&#8211;<\/em><\/a><a href=\"http:\/\/windows.microsoft.com\/es-es\/internet-explorer\/delete-manage-cookies#ie=ie-10\"><em>es\/internet<\/em><\/a><a href=\"http:\/\/windows.microsoft.com\/es-es\/internet-explorer\/delete-manage-cookies#ie=ie-10\"><em>&#8211;<\/em><\/a><a href=\"http:\/\/windows.microsoft.com\/es-es\/internet-explorer\/delete-manage-cookies#ie=ie-10\"><em>explorer\/delete<\/em><\/a><a href=\"http:\/\/windows.microsoft.com\/es-es\/internet-explorer\/delete-manage-cookies#ie=ie-10\"><em>&#8211;<\/em><\/a><a href=\"http:\/\/windows.microsoft.com\/es-es\/internet-explorer\/delete-manage-cookies#ie=ie-10\"><em>manage<\/em><\/a><a href=\"http:\/\/windows.microsoft.com\/es-es\/internet-explorer\/delete-manage-cookies#ie=ie-10\"><em>cookies#ie=ie<\/em><\/a><a href=\"http:\/\/windows.microsoft.com\/es-es\/internet-explorer\/delete-manage-cookies#ie=ie-10\"><em>&#8211;<\/em><\/a><a href=\"http:\/\/windows.microsoft.com\/es-es\/internet-explorer\/delete-manage-cookies#ie=ie-10\"><em>10<\/em><\/a><\/li>\n<li><strong><em>Safari desde aqu\u00ed:<\/em><\/strong> <a href=\"https:\/\/support.apple.com\/kb\/ph17191?locale=es_ES\"><em>https:\/\/support.apple.com\/kb\/ph17191?locale=es_ES<\/em><\/a><\/li>\n<li><strong><em>Opera desde aqu\u00ed:<\/em><\/strong> <a href=\"https:\/\/help.opera.com\/en\/latest\/web-preferences\/#cookies\"><em>https:\/\/help.opera.com\/en\/latest\/web<\/em><\/a><a href=\"https:\/\/help.opera.com\/en\/latest\/web-preferences\/#cookies\"><em>&#8211;<\/em><\/a><a href=\"https:\/\/help.opera.com\/en\/latest\/web-preferences\/#cookies\"><em>preferences\/#cookies<\/em><\/a><\/li>\n<\/ul>\n<p>&nbsp;<\/p>\n<p>Para conocer m\u00e1s informaci\u00f3n sobre el tratamiento de datos personales, le recomendamos visitar nuestro apartado \u201c<a href=\"https:\/\/fhestudio.es\/index.php\/politica-de-privacidad\/\"><em><u>Pol\u00edtica de Privacidad<\/u><\/em><\/a>\u201d.<\/p>\n","protected":false},"excerpt":{"rendered":"<p>Conforme a lo dispuesto en el art\u00edculo 22.2 de la Ley 34\/2002, de 11 de julio, de Servicios de la Sociedad de la Informaci\u00f3n y de Comercio Electr\u00f3nico (LSSI-CE) vigente, FERNANDO HERRERO LLISO debe cumplir con la obligaci\u00f3n de informar sobre las cookies que utiliza y sus finalidades. Este sitio web utiliza cookies y\/o tecnolog\u00edas &hellip;<\/p>\n","protected":false},"author":1,"featured_media":0,"parent":0,"menu_order":10,"comment_status":"closed","ping_status":"closed","template":"elementor_theme","meta":{"inline_featured_image":false,"footnotes":""},"class_list":["post-570","page","type-page","status-publish","hentry"],"aioseo_notices":[],"_links":{"self":[{"href":"https:\/\/fhestudio.es\/index.php\/wp-json\/wp\/v2\/pages\/570","targetHints":{"allow":["GET"]}}],"collection":[{"href":"https:\/\/fhestudio.es\/index.php\/wp-json\/wp\/v2\/pages"}],"about":[{"href":"https:\/\/fhestudio.es\/index.php\/wp-json\/wp\/v2\/types\/page"}],"author":[{"embeddable":true,"href":"https:\/\/fhestudio.es\/index.php\/wp-json\/wp\/v2\/users\/1"}],"replies":[{"embeddable":true,"href":"https:\/\/fhestudio.es\/index.php\/wp-json\/wp\/v2\/comments?post=570"}],"version-history":[{"count":4,"href":"https:\/\/fhestudio.es\/index.php\/wp-json\/wp\/v2\/pages\/570\/revisions"}],"predecessor-version":[{"id":577,"href":"https:\/\/fhestudio.es\/index.php\/wp-json\/wp\/v2\/pages\/570\/revisions\/577"}],"wp:attachment":[{"href":"https:\/\/fhestudio.es\/index.php\/wp-json\/wp\/v2\/media?parent=570"}],"curies":[{"name":"wp","href":"https:\/\/api.w.org\/{rel}","templated":true}]}}